{"id":15198,"date":"2024-05-17T09:57:31","date_gmt":"2024-05-17T09:57:31","guid":{"rendered":"https:\/\/valve-atlas.com\/about\/"},"modified":"2026-04-08T00:48:35","modified_gmt":"2026-04-08T00:48:35","slug":"about","status":"publish","type":"page","link":"https:\/\/valve-atlas.com\/fr_CA\/about\/","title":{"rendered":"\u00c0 propos"},"content":{"rendered":"<div data-elementor-type=\"wp-page\" data-elementor-id=\"15198\" class=\"elementor elementor-15198\" data-elementor-post-type=\"page\">\n\t\t\t\t<div class=\"elementor-element elementor-element-442176b e-flex e-con-boxed e-con e-parent\" data-id=\"442176b\" data-element_type=\"container\" data-e-type=\"container\">\n\t\t\t\t\t<div class=\"e-con-inner\">\n\t\t\t\t<div class=\"elementor-element elementor-element-bcc893c elementor-widget elementor-widget-html\" data-id=\"bcc893c\" data-element_type=\"widget\" data-e-type=\"widget\" data-widget_type=\"html.default\">\n\t\t\t\t\t<!-- ABOUT US \u2013 PARTNERS \/ BRANDS (SEO-friendly, \u201cWe work with\u201d language, no notes)\r\n     Paste into ONE Elementor HTML widget on your About page.\r\n-->\r\n\r\n<section class=\"va-about\" aria-label=\"About Valve Atlas\">\r\n  <header class=\"va-about__header\">\r\n    <h2 class=\"va-h2\">About Valve Atlas<\/h2>\r\n    <p class=\"va-lead\">\r\n      Valve Atlas connects HVAC, hydronic, fire protection, and piping needs with trusted manufacturers and solution partners.\r\n      We work with established brands and suppliers to support specification, supply, and project execution across Canada.\r\n    <\/p>\r\n  <\/header>\r\n\r\n  <section class=\"va-partners\" aria-label=\"Brands we work with\">\r\n    <h3 class=\"va-h3\">Brands & Suppliers We Work With<\/h3>\r\n    <p class=\"va-sub\">\r\n      Below are selected brands and suppliers we work with as part of our product and sourcing network.\r\n    <\/p>\r\n\r\n    <div class=\"va-grid\" role=\"list\">\r\n      <!-- ETNA -->\r\n      <article class=\"va-card\" role=\"listitem\">\r\n        <div class=\"va-logo\">\r\n          <img decoding=\"async\"\r\n            src=\"https:\/\/valve-atlas.com\/wp-content\/uploads\/2025\/12\/Screenshot-2025-12-21-192406.png\"\r\n            alt=\"Etna\"\r\n            loading=\"lazy\"\r\n          \/>\r\n        <\/div>\r\n        <div class=\"va-body\">\r\n          <h4 class=\"va-title\">ETNA<\/h4>\r\n          <p class=\"va-text\">Solutions de pompes et de surpression utilis\u00e9es dans les applications CVC et hydrauliques.<\/p>\r\n        <\/div>\r\n      <\/article>\r\n\r\n      <!-- FLOWCON -->\r\n      <article class=\"va-card\" role=\"listitem\">\r\n        <div class=\"va-logo\">\r\n          <img decoding=\"async\"\r\n            src=\"https:\/\/valve-atlas.com\/wp-content\/uploads\/2025\/12\/Screenshot-2025-12-21-192414.png\"\r\n            alt=\"FlowCon\"\r\n            loading=\"lazy\"\r\n          \/>\r\n        <\/div>\r\n        <div class=\"va-body\">\r\n          <h4 class=\"va-title\">FlowCon<\/h4>\r\n          <p class=\"va-text\">Solutions d'\u00e9quilibrage dynamique et de r\u00e9gulation pour un d\u00e9bit stable et un confort optimal.<\/p>\r\n        <\/div>\r\n      <\/article>\r\n\r\n      <!-- GIACOMINI -->\r\n      <article class=\"va-card\" role=\"listitem\">\r\n        <div class=\"va-logo\">\r\n          <img decoding=\"async\"\r\n            src=\"https:\/\/valve-atlas.com\/wp-content\/uploads\/2025\/12\/Screenshot-2025-12-21-192422.png\"\r\n            alt=\"Giacomini\"\r\n            loading=\"lazy\"\r\n          \/>\r\n        <\/div>\r\n        <div class=\"va-body\">\r\n          <h4 class=\"va-title\">Giacomini<\/h4>\r\n          <p class=\"va-text\">Composants hydroniques, vannes et solutions syst\u00e8mes pour les syst\u00e8mes de chauffage modernes.<\/p>\r\n        <\/div>\r\n      <\/article>\r\n\r\n      <!-- UNIVAL -->\r\n      <article class=\"va-card\" role=\"listitem\">\r\n        <div class=\"va-logo\">\r\n          <img decoding=\"async\"\r\n            src=\"https:\/\/valve-atlas.com\/wp-content\/uploads\/2025\/12\/Screenshot-2025-12-21-192535.png\"\r\n            alt=\"Unival\"\r\n            loading=\"lazy\"\r\n          \/>\r\n        <\/div>\r\n        <div class=\"va-body\">\r\n          <h4 class=\"va-title\">Unival<\/h4>\r\n          <p class=\"va-text\">Fire Protection and HVAC valve solutions supporting efficient and reliable system performance.<\/p>\r\n        <\/div>\r\n      <\/article>\r\n\r\n      <!-- OFFICINE RIGAMONTI -->\r\n      <article class=\"va-card\" role=\"listitem\">\r\n        <div class=\"va-logo\">\r\n          <img decoding=\"async\"\r\n            src=\"https:\/\/valve-atlas.com\/wp-content\/uploads\/2025\/12\/Screenshot-2025-12-21-193836.png\"\r\n            alt=\"Officine Rigamonti\"\r\n            loading=\"lazy\"\r\n          \/>\r\n        <\/div>\r\n        <div class=\"va-body\">\r\n          <h4 class=\"va-title\">Officine Rigamonti<\/h4>\r\n          <p class=\"va-text\">Composants de chaufferie et solutions en laiton usin\u00e9 pour les salles de chauffage.<\/p>\r\n        <\/div>\r\n      <\/article>\r\n\r\n      <!-- AYDIN BORU -->\r\n      <article class=\"va-card\" role=\"listitem\">\r\n        <div class=\"va-logo\">\r\n          <img decoding=\"async\"\r\n            src=\"https:\/\/valve-atlas.com\/wp-content\/uploads\/2025\/12\/Screenshot-2025-12-21-194304.png\"\r\n            alt=\"Ayd\u0131n Boru\"\r\n            loading=\"lazy\"\r\n          \/>\r\n        <\/div>\r\n        <div class=\"va-body\">\r\n          <h4 class=\"va-title\">Ayd\u0131n Boru<\/h4>\r\n          <p class=\"va-text\">Seamless steel pipe supply with strong stock discipline and documentation focus.<\/p>\r\n        <\/div>\r\n      <\/article>\r\n\r\n      <!-- BORUSAN -->\r\n      <article class=\"va-card\" role=\"listitem\">\r\n        <div class=\"va-logo\">\r\n          <img decoding=\"async\"\r\n            src=\"https:\/\/valve-atlas.com\/wp-content\/uploads\/2025\/12\/Screenshot-2025-12-21-194227.png\"\r\n            alt=\"Borusan Pipe\"\r\n            loading=\"lazy\"\r\n          \/>\r\n        <\/div>\r\n        <div class=\"va-body\">\r\n          <h4 class=\"va-title\">Borusan Pipe<\/h4>\r\n          <p class=\"va-text\">Exp\u00e9rience en fabrication de tuyaux avec un accent marqu\u00e9 sur la qualit\u00e9 et le service client.<\/p>\r\n        <\/div>\r\n      <\/article>\r\n    <\/div>\r\n  <\/section>\r\n\r\n  <!-- SEO: small internal links area (optional but useful) -->\r\n  <nav class=\"va-links\" aria-label=\"Helpful links\">\r\n    <a href=\"\/fr_CA\/products\/\" class=\"va-link\">Explorer les produits<\/a>\r\n    <a href=\"\/fr_CA\/contact\/\" class=\"va-link\">Demander un devis<\/a>\r\n  <\/nav>\r\n<\/section>\r\n\r\n<style>\r\n  .va-about{ max-width:1100px; margin:0 auto; padding:18px 0; }\r\n  .va-about__header{ margin-bottom:18px; }\r\n  .va-h2{ margin:0 0 8px; line-height:1.15; }\r\n  .va-lead{ margin:0; font-size:16px; line-height:1.65; opacity:.9; }\r\n\r\n  .va-partners{ margin-top:18px; }\r\n  .va-h3{ margin:0 0 6px; }\r\n  .va-sub{ margin:0 0 16px; font-size:15px; line-height:1.6; opacity:.85; }\r\n\r\n  .va-grid{\r\n    display:grid;\r\n    grid-template-columns:repeat(3, minmax(0,1fr));\r\n    gap:16px;\r\n  }\r\n  @media (max-width:1024px){ .va-grid{ grid-template-columns:repeat(2, minmax(0,1fr)); } }\r\n  @media (max-width:640px){ .va-grid{ grid-template-columns:1fr; } }\r\n\r\n  .va-card{\r\n    border:1px solid rgba(0,0,0,.12);\r\n    border-radius:14px;\r\n    background:#fff;\r\n    overflow:hidden;\r\n    display:flex;\r\n    flex-direction:column;\r\n    min-height:100%;\r\n  }\r\n  .va-logo{\r\n    padding:14px 14px 0;\r\n    display:flex;\r\n    align-items:center;\r\n    justify-content:center;\r\n    min-height:92px;\r\n  }\r\n  .va-logo img{\r\n    max-height:64px;\r\n    width:auto;\r\n    max-width:100%;\r\n    object-fit:contain;\r\n    display:block;\r\n  }\r\n  .va-body{ padding:12px 14px 16px; display:flex; flex-direction:column; gap:6px; }\r\n  .va-title{ margin:0; font-size:16px; line-height:1.35; }\r\n  .va-text{ margin:0; font-size:14px; line-height:1.55; opacity:.88; }\r\n\r\n  .va-links{ margin-top:18px; display:flex; gap:10px; flex-wrap:wrap; }\r\n  .va-link{\r\n    text-decoration:none;\r\n    border:1px solid rgba(0,0,0,.14);\r\n    border-radius:999px;\r\n    padding:9px 12px;\r\n    font-weight:800;\r\n    font-size:14px;\r\n  }\r\n<\/style>\r\n\t\t\t\t<\/div>\n\t\t\t\t\t<\/div>\n\t\t\t\t<\/div>\n\t\t\t\t<\/div>","protected":false},"excerpt":{"rendered":"<p>About Valve Atlas Valve Atlas connects HVAC, hydronic, fire protection, and piping needs with trusted manufacturers and solution partners. We work with established brands and suppliers to support specification, supply, and project execution across Canada. Brands &#038; Suppliers We Work With Below are selected brands and suppliers we work with as part of our product&hellip;<\/p>","protected":false},"author":1,"featured_media":0,"parent":0,"menu_order":5,"comment_status":"closed","ping_status":"closed","template":"","meta":{"footnotes":""},"class_list":["post-15198","page","type-page","status-publish","hentry"],"_links":{"self":[{"href":"https:\/\/valve-atlas.com\/fr_CA\/wp-json\/wp\/v2\/pages\/15198","targetHints":{"allow":["GET"]}}],"collection":[{"href":"https:\/\/valve-atlas.com\/fr_CA\/wp-json\/wp\/v2\/pages"}],"about":[{"href":"https:\/\/valve-atlas.com\/fr_CA\/wp-json\/wp\/v2\/types\/page"}],"author":[{"embeddable":true,"href":"https:\/\/valve-atlas.com\/fr_CA\/wp-json\/wp\/v2\/users\/1"}],"replies":[{"embeddable":true,"href":"https:\/\/valve-atlas.com\/fr_CA\/wp-json\/wp\/v2\/comments?post=15198"}],"version-history":[{"count":7,"href":"https:\/\/valve-atlas.com\/fr_CA\/wp-json\/wp\/v2\/pages\/15198\/revisions"}],"predecessor-version":[{"id":41455,"href":"https:\/\/valve-atlas.com\/fr_CA\/wp-json\/wp\/v2\/pages\/15198\/revisions\/41455"}],"wp:attachment":[{"href":"https:\/\/valve-atlas.com\/fr_CA\/wp-json\/wp\/v2\/media?parent=15198"}],"curies":[{"name":"wp","href":"https:\/\/api.w.org\/{rel}","templated":true}]}}